{"id":11,"date":"2015-03-23T17:53:15","date_gmt":"2015-03-23T16:53:15","guid":{"rendered":"http:\/\/www.gezondbedrijf.com\/?page_id=11"},"modified":"2015-04-25T21:16:30","modified_gmt":"2015-04-25T20:16:30","slug":"algemene-voorwaarden","status":"publish","type":"page","link":"https:\/\/www.gezondbedrijf.com\/index.php\/disclaimer\/algemene-voorwaarden\/","title":{"rendered":"Algemene voorwaarden"},"content":{"rendered":"<p>Gezond Bedrijf kent twee soorten van Algemene voorwaarden<\/p>\n<p>A.ALGEMENE VOORWAARDEN bij de UITVOERING van MEDIATIONS DOOR GEZOND BEDRIJF en <\/p>\n<p>B.ALGEMENE VOORWAARDEN bij de UITVOERING van ADVIES- en BEGELEIDINGSOPDRACHTEN in ZORGINSTELLINGEN en (PARA) MEDISCHE PRAKTIJKEN DOOR GEZOND BEDRIJF <\/p>\n<p>A. ALGEMENE VOORWAARDEN bij de UITVOERING van MEDIATIONS DOOR GEZOND BEDRIJF<\/p>\n<p>Iedere mediator die onder de naam van Gezond Bedrijf een mediation uitvoert staat geregistreerd bij de Mediators federartie Nederland (MfN). De MfN-registermediator voert zijn of haar werkzaamheden uit volgens de regels van het \u2018mediationreglement voor de MfN-registermediator\u2019 (de basisprincipes van mediation, zoals vrijwilligheid, beslotenheid en geheimhouding) en conform de \u2018gedragsregels voor de MfN-registermediator\u2019 (de fundamentele beginselen waaraan de mediator is gebonden, zoals onafhankelijkheid, neutraliteit en vertrouwelijkheid).<br \/>\nDe reglementen, gedragsregels en toelichting zijn te vinden op de website van de MfN.<br \/>\nwww.mediatorsfederatienederland.nl<\/p>\n<p>B.ALGEMENE VOORWAARDEN bij de UITVOERING van ADVIES- en BEGELEIDINGS \u2013OPDRACHTEN  in ZORGINSTELLINGEN en (PARA) MEDISCHE PRAKTIJKEN  DOOR GEZOND BEDRIJF <\/p>\n<p>Bij het uitbrengen van offertes en de uitvoering van opdrachten hanteert Gezond Bedrijf \u2013 hierna te noemen GB &#8211; leveringsvoorwaarden, welke deel uitmaken van de offerte.<\/p>\n<p>1. ALGEMEEN<br \/>\nDe algemene voorwaarden zijn van toepassing op alle aanbiedingen, werkzaamheden, offertes en overeenkomsten voor  advisering  en -begeleiding   tussen GB en zorginstellingen en (para) medische praktijken , respectievelijk hun rechtsopvolgers (hierna te noemen opdrachtgever).<br \/>\nMet de toestemming om een aanvang te mogen maken met de opdracht is de daarvoor uitgebrachte offerte volledig geaccepteerd.<\/p>\n<p>2. GRONDSLAG OFFERTES<br \/>\nOffertes van GB zijn gebaseerd op de informatie die door de opdrachtgever is verstrekt. De opdrachtgever staat er voor in, dat hij naar beste weten daarbij alle essenti\u00eble informatie voor de opzet en uitvoering van de opdracht heeft verstrekt. Ten aanzien van de beoogde werkzaamheden is  sprake van een inspanningsverplichting aan de zijde van opdrachtgever, tenzij uitdrukkelijk anders is bepaald.<br \/>\nGB  zal de door hem te verrichten diensten naar beste inzicht en vermogen en overeenkomstig de eisen van goed vakmanschap uitvoeren. Deze verplichting heeft het karakter van een inspanningsverplichting.<\/p>\n<p>3.TUSSENTIJDSE BE\u00cbINDIGING VAN DE OPDRACHT<br \/>\nZowel Opdrachtgever als GB kan de overeenkomst voortijdig eenzijdig be\u00ebindigen, indien een van hen van mening is dat de opdrachtuitvoering niet meer kan plaatshebben conform de bevestigde offerte en eventuele latere additionele opdrachtspecificaties. Dit dient schriftelijk (per brief of e-mail) aan de wederpartij te worden bekend gemaakt.  GB behoudt  aanspraak op betaling van de declaraties voor tot dan toe verrichte werkzaamheden, waarbij aan de opdrachtgever onder voorbehoud de voorlopige resultaten van het tot dan verrichte werk ter beschikking zullen worden gesteld. Voor zover dit extra kosten met zich meebrengt, worden deze in rekening gebracht. Ingeval een van de partijen in staat van faillissement geraakt, surs\u00e9ance van betaling aanvraagt of de bedrijfsuitvoering staakt, heeft de andere partij het recht de opdracht zonder inachtneming van een opzegtermijn te be\u00ebindigen, \u00e9\u00e9n en ander onder voorbehoud van rechten.<\/p>\n<p>4.TERUGGEVEN VAN DE OPDRACHT<br \/>\nWanneer tijdens de  uitvoering van de opdracht blijkt dat de opdrachtgever zijn verantwoordelijkheid niet neemt en blijk geeft van het onthouden van commitment, en of  onjuiste informatie heeft verstrekt  is GB gerechtigd  de opdracht met onmiddellijke ingang  terug te geven.<br \/>\nGB zal het teruggeven van de opdracht schriftelijk (per brief of email) kenbaar  maken aan opdrachtgever.<br \/>\nGB behoudt aanspraak op betaling van de declaraties voor tot dan toe verrichte werkzaamheden, waarbij aan de opdrachtgever onder voorbehoud de voorlopige resultaten van het tot dan verrichte werk ter beschikking zullen worden gesteld. Voor zover dit extra kosten met zich meebrengt, worden deze in rekening gebracht, \u00e9\u00e9n en ander onder voorbehoud van rechten.<\/p>\n<p>5. HET BETREKKEN VAN DERDEN BIJ DE OPDRACHTUITVOERING<br \/>\nHet betrekken of inschakelen van derden bij de opdrachtuitvoering door GB geschiedt uitsluitend in onderling overleg met opdrachtgever. Derden worden geacht op de hoogte te zijn van de werkwijze van GB en zich hieraan te conformeren. Derden treden in overleg met GB over gemaakte afspraken  met opdrachtgever en sturen bij daar waar GB dat wil. Derden worden geacht conform de geschreven en ongeschreven regels van GB  de werkzaamheden uit te voeren.<\/p>\n<p>Het is derden niet toegestaan om gedurende de opdracht andere werkzaamheden  te verrichten voor opdrachtgever, dan wel te acquireren. GB kan van dit verbod  afwijken. GB zal opdrachtgever en derden hiervan schriftelijk ( per brief of e-mail) op de hoogte stellen.<br \/>\nHet is derden niet toegestaan om  binnen een jaar na afronding van de opdracht eigen werkzaamheden te verrichten voor opdrachtgever. GB kan van dit verbod  afwijken. GB zal  opdrachtgever en derden hiervan schriftelijk ( per brief of e-mail) op de hoogte stellen.<\/p>\n<p>GB behoudt zich het recht voor om derden een verbod op te leggen voor het uitvoeren van (verdere) werkzaamheden aan opdrachtgever indien blijkt dat derden zich niet conformeren aan de werkwijze van GB en\/of derden de werkzaamheden niet naar behoren uitvoeren. GB zal de opdrachtgever hiervan binnen een termijn van veertien dagen schriftelijk (brief of email) op de hoogte stellen. GB zal in overleg met opdrachtgever zoeken naar oplossingen zoals bijvoorbeeld vervanging, verlenging  van  doorlooptijd of delen van de opdracht te schrappen.<\/p>\n<p>In geval GB zich terugtrekt uit de opdracht (artikel 4) stelt GB bedrijf gelijktijdig derden hiervan schriftelijk (brief of email) op de hoogte. Hiermee ontslaat GB zich tegelijkertijd van afspraken met derden. <\/p>\n<p>GB betrekt uitsluitend derden die zijn aangesloten bij een beroepsvereniging met eigen gedrag- en beroepsregels en ethiek. Derden stellen opdrachtgever en GB schriftelijk (brief of email) op de hoogte van inschrijving bij desbetreffende beroepsvereniging. Indien er geen beroepsvereniging bestaat voor de werkzaamheden van derden schakelt GB derden uitsluitend in op basis van hun specifieke  kennis en\/of ervaring.<br \/>\nGB is niet aansprakelijk voor tekortkomingen van derden.<\/p>\n<p>6. TARIEVEN EN KOSTEN VAN DE OPDRACHT<br \/>\nMet betrekking tot de tarieven en de daarop gebaseerde kostenramingen staat in de offerte aangegeven, of daarin zijn begrepen de secretariaatskosten, reisuren, reis- en verblijfkosten en andere opdracht-gebonden kosten.  Voor zover deze kosten niet zijn inbegrepen, kunnen ze afzonderlijk worden berekend of in onderling overleg . Een tussentijdse verandering van het niveau van de lonen en kosten, zal worden doorberekend. In het honorarium zijn geen rentekosten opgenomen, tenzij in de offerte anders is aangegeven.<br \/>\nAfspraken mogen tot uiterlijk drie werkdagen  van tevoren kosteloos worden geannuleerd. Niet nagekomen afspraken en afspraken welke niet ruim genoeg van te voren worden afgezegd worden ongeacht de reden bij opdrachtgever in rekening gebracht.<\/p>\n<p>7.DUUR EN AFSLUITING VAN DE OPDRACHT<br \/>\nDe duur en doorlooptijd van de opdracht  staat omschreven in de offerte. Indien opdrachtgever of GB wil afwijken van de duur en doorlooptijd zal dit schriftelijk (per brief of email) gemeld moeten worden en kunnen GB en opdrachtgever in onderling overleg tot andere afspraken komen. Deze afspraken zullen schriftelijk bevestigd (per brief of email) worden.<\/p>\n<p>8.VERTROUWELIJKHEID<br \/>\nGB is verplicht tot geheimhouding van alle informatie en gegevens van de opdrachtgever jegens derden. GB zal in het kader van de opdracht alle mogelijke voorzorgsmaatregelen nemen ter bescherming van de belangen van de opdrachtgever.<br \/>\nDe opdrachtgever zal zonder toestemming van GB aan derden geen mededelingen doen over de aanpak van GB, zijn werkwijze, de honorering en dergelijke, dan wel zijn rapportage ter beschikking stellen.<\/p>\n<p>9.AANSPRAKELIJKHEID<br \/>\nGB is aansprakelijk voor tekortkomingen in de uitvoering van de opdracht, voor zover deze het gevolg zijn van het niet in acht nemen door GB van de zorgvuldigheid, deskundigheid en het vakmanschap waarop bij het uitbrengen van adviezen in het kader van de betrokken opdracht mag worden vertrouwd. De aansprakelijkheid voor de schade veroorzaakt door de tekortkomingen wordt beperkt tot het bedrag van het honorarium dat GB voor zijn werkzaamheden in het kader van die opdracht heeft ontvangen. Bij opdrachten die een langere doorlooptijd dan een half jaar hebben, geldt een verdere beperking van de hier bedoelde aansprakelijkheid tot maximaal het declaratiebedrag over de laatste zes maanden. Eventuele aanspraken van de opdrachtgever in hier bedoelde zin dienen binnen veertien dagen na be\u00ebindiging van de opdracht te zijn ingediend, bij gebreke waarvan de opdrachtgever geen verdere rechten heeft. De opdrachtgever vrijwaart GB van alle aanspraken van derden, voor zover deze aanspraken betrekking hebben op de onderhavige opdracht.<\/p>\n<p>10.TOEPASSELIJK RECHT<br \/>\nOp deze overeenkomst is uitsluitend het Nederlands recht van toepassing.<\/p>\n","protected":false},"excerpt":{"rendered":"<p>Gezond Bedrijf kent twee soorten van Algemene voorwaarden A.ALGEMENE VOORWAARDEN bij de UITVOERING van MEDIATIONS DOOR GEZOND BEDRIJF en B.ALGEMENE VOORWAARDEN bij de UITVOERING van ADVIES- en BEGELEIDINGSOPDRACHTEN in ZORGINSTELLINGEN en (PARA) MEDISCHE PRAKTIJKEN DOOR GEZOND BEDRIJF A. ALGEMENE VOORWAARDEN bij de UITVOERING van MEDIATIONS DOOR GEZOND BEDRIJF Iedere mediator die onder de naam van [&hellip;]<\/p>\n","protected":false},"author":1,"featured_media":589,"parent":9,"menu_order":0,"comment_status":"open","ping_status":"open","template":"","meta":[],"_links":{"self":[{"href":"https:\/\/www.gezondbedrijf.com\/index.php\/wp-json\/wp\/v2\/pages\/11"}],"collection":[{"href":"https:\/\/www.gezondbedrijf.com\/index.php\/wp-json\/wp\/v2\/pages"}],"about":[{"href":"https:\/\/www.gezondbedrijf.com\/index.php\/wp-json\/wp\/v2\/types\/page"}],"author":[{"embeddable":true,"href":"https:\/\/www.gezondbedrijf.com\/index.php\/wp-json\/wp\/v2\/users\/1"}],"replies":[{"embeddable":true,"href":"https:\/\/www.gezondbedrijf.com\/index.php\/wp-json\/wp\/v2\/comments?post=11"}],"version-history":[{"count":27,"href":"https:\/\/www.gezondbedrijf.com\/index.php\/wp-json\/wp\/v2\/pages\/11\/revisions"}],"predecessor-version":[{"id":759,"href":"https:\/\/www.gezondbedrijf.com\/index.php\/wp-json\/wp\/v2\/pages\/11\/revisions\/759"}],"up":[{"embeddable":true,"href":"https:\/\/www.gezondbedrijf.com\/index.php\/wp-json\/wp\/v2\/pages\/9"}],"wp:featuredmedia":[{"embeddable":true,"href":"https:\/\/www.gezondbedrijf.com\/index.php\/wp-json\/wp\/v2\/media\/589"}],"wp:attachment":[{"href":"https:\/\/www.gezondbedrijf.com\/index.php\/wp-json\/wp\/v2\/media?parent=11"}],"curies":[{"name":"wp","href":"https:\/\/api.w.org\/{rel}","templated":true}]}}